{"id":290,"date":"2017-02-09T09:54:37","date_gmt":"2017-02-09T09:54:37","guid":{"rendered":"http:\/\/94.177.241.165\/?page_id=290"},"modified":"2018-03-25T01:55:04","modified_gmt":"2018-03-25T00:55:04","slug":"la-boutique","status":"publish","type":"page","link":"http:\/\/wp.placeauxarts.be\/index.php\/la-boutique\/","title":{"rendered":"La Boutique"},"content":{"rendered":"<p><img loading=\"lazy\" class=\"alignnone size-full wp-image-4\" src=\"http:\/\/wp.placeauxarts.be\/wp-content\/uploads\/2016\/11\/14980848_1205292882871660_3488261333906246510_n.jpg\" alt=\"\" width=\"960\" height=\"720\" \/><\/p>\n<p><span style=\"color: #ffffff;\">Nous invitons \u00e0 passer chez nous pour essayer et voir certains de nos meubles. Place Aux Arts boutique vous propose \u00e9galement une s\u00e9rie d&#8217;accessoires : sac Loxwood, foulard\u00a0<a style=\"color: #ffffff;\" href=\"http:\/\/www.epice.com\/collection\/\" target=\"_blank\" rel=\"noopener\">Epice<\/a>, bijoux <a style=\"color: #ffffff;\" href=\"https:\/\/www.learose.be\/fr\/nos-bijoux.html\" target=\"_blank\" rel=\"noopener\">L\u00e9a Rose<\/a>, vaisselle <a style=\"color: #ffffff;\" href=\"http:\/\/www.serax.com\/nl\/product-categorie\/tableware\" target=\"_blank\" rel=\"noopener\">Serax<\/a>, d\u00e9coration\u00a0<a style=\"color: #ffffff;\" href=\"http:\/\/www.henrydean.be\/index.php\" target=\"_blank\" rel=\"noopener\">Henry Dean<\/a>,&#8230;\u00a0<\/span><\/p>\n<div id='gallery-1' class='gallery galleryid-290 gallery-columns-2 gallery-size-medium'><dl class='gallery-item'>\n\t\t\t<dt class='gallery-icon landscape'>\n\t\t\t\t<a href='http:\/\/wp.placeauxarts.be\/fullsizerender-7\/'><img width=\"300\" height=\"190\" src=\"http:\/\/wp.placeauxarts.be\/wp-content\/uploads\/2017\/02\/FullSizeRender-7-300x190.jpg\" class=\"attachment-medium size-medium\" alt=\"\" loading=\"lazy\" srcset=\"http:\/\/wp.placeauxarts.be\/wp-content\/uploads\/2017\/02\/FullSizeRender-7-300x190.jpg 300w, http:\/\/wp.placeauxarts.be\/wp-content\/uploads\/2017\/02\/FullSizeRender-7-768x485.jpg 768w, http:\/\/wp.placeauxarts.be\/wp-content\/uploads\/2017\/02\/FullSizeRender-7-1024x647.jpg 1024w, http:\/\/wp.placeauxarts.be\/wp-content\/uploads\/2017\/02\/FullSizeRender-7.jpg 1400w\" sizes=\"(max-width: 300px) 100vw, 300px\" \/><\/a>\n\t\t\t<\/dt><\/dl><dl class='gallery-item'>\n\t\t\t<dt class='gallery-icon landscape'>\n\t\t\t\t<a href='http:\/\/wp.placeauxarts.be\/fullsizerender-11\/'><img width=\"300\" height=\"153\" src=\"http:\/\/wp.placeauxarts.be\/wp-content\/uploads\/2017\/02\/FullSizeRender-11-300x153.jpg\" class=\"attachment-medium size-medium\" alt=\"\" loading=\"lazy\" srcset=\"http:\/\/wp.placeauxarts.be\/wp-content\/uploads\/2017\/02\/FullSizeRender-11-300x153.jpg 300w, http:\/\/wp.placeauxarts.be\/wp-content\/uploads\/2017\/02\/FullSizeRender-11-768x391.jpg 768w, http:\/\/wp.placeauxarts.be\/wp-content\/uploads\/2017\/02\/FullSizeRender-11-1024x522.jpg 1024w, http:\/\/wp.placeauxarts.be\/wp-content\/uploads\/2017\/02\/FullSizeRender-11.jpg 1372w\" sizes=\"(max-width: 300px) 100vw, 300px\" \/><\/a>\n\t\t\t<\/dt><\/dl><br style=\"clear: both\" \/><dl class='gallery-item'>\n\t\t\t<dt class='gallery-icon landscape'>\n\t\t\t\t<a href='http:\/\/wp.placeauxarts.be\/img_3349\/'><img width=\"300\" height=\"225\" src=\"http:\/\/wp.placeauxarts.be\/wp-content\/uploads\/2017\/02\/IMG_3349-300x225.jpg\" class=\"attachment-medium size-medium\" alt=\"\" loading=\"lazy\" srcset=\"http:\/\/wp.placeauxarts.be\/wp-content\/uploads\/2017\/02\/IMG_3349-300x225.jpg 300w, http:\/\/wp.placeauxarts.be\/wp-content\/uploads\/2017\/02\/IMG_3349-768x576.jpg 768w, http:\/\/wp.placeauxarts.be\/wp-content\/uploads\/2017\/02\/IMG_3349-1024x768.jpg 1024w, http:\/\/wp.placeauxarts.be\/wp-content\/uploads\/2017\/02\/IMG_3349.jpg 1456w\" sizes=\"(max-width: 300px) 100vw, 300px\" \/><\/a>\n\t\t\t<\/dt><\/dl><dl class='gallery-item'>\n\t\t\t<dt class='gallery-icon landscape'>\n\t\t\t\t<a href='http:\/\/wp.placeauxarts.be\/fullsizerender-9\/'><img width=\"300\" height=\"237\" src=\"http:\/\/wp.placeauxarts.be\/wp-content\/uploads\/2017\/02\/FullSizeRender-9-300x237.jpg\" class=\"attachment-medium size-medium\" alt=\"\" loading=\"lazy\" srcset=\"http:\/\/wp.placeauxarts.be\/wp-content\/uploads\/2017\/02\/FullSizeRender-9-300x237.jpg 300w, http:\/\/wp.placeauxarts.be\/wp-content\/uploads\/2017\/02\/FullSizeRender-9-768x607.jpg 768w, http:\/\/wp.placeauxarts.be\/wp-content\/uploads\/2017\/02\/FullSizeRender-9-1024x809.jpg 1024w, http:\/\/wp.placeauxarts.be\/wp-content\/uploads\/2017\/02\/FullSizeRender-9.jpg 1292w\" sizes=\"(max-width: 300px) 100vw, 300px\" \/><\/a>\n\t\t\t<\/dt><\/dl><br style=\"clear: both\" \/><dl class='gallery-item'>\n\t\t\t<dt class='gallery-icon landscape'>\n\t\t\t\t<a href='http:\/\/wp.placeauxarts.be\/fullsizerender-6\/'><img width=\"300\" height=\"136\" src=\"http:\/\/wp.placeauxarts.be\/wp-content\/uploads\/2017\/02\/FullSizeRender-6-300x136.jpg\" class=\"attachment-medium size-medium\" alt=\"\" loading=\"lazy\" srcset=\"http:\/\/wp.placeauxarts.be\/wp-content\/uploads\/2017\/02\/FullSizeRender-6-300x136.jpg 300w, http:\/\/wp.placeauxarts.be\/wp-content\/uploads\/2017\/02\/FullSizeRender-6-768x349.jpg 768w, http:\/\/wp.placeauxarts.be\/wp-content\/uploads\/2017\/02\/FullSizeRender-6-1024x465.jpg 1024w, http:\/\/wp.placeauxarts.be\/wp-content\/uploads\/2017\/02\/FullSizeRender-6.jpg 1400w\" sizes=\"(max-width: 300px) 100vw, 300px\" \/><\/a>\n\t\t\t<\/dt><\/dl>\n\t\t\t<br style='clear: both' \/>\n\t\t<\/div>\n\n<p>&nbsp;<\/p>\n","protected":false},"excerpt":{"rendered":"<p>Nous invitons \u00e0 passer chez nous pour essayer et voir certains de nos meubles. Place Aux Arts boutique vous propose \u00e9galement une s\u00e9rie d&#8217;accessoires : sac Loxwood, foulard\u00a0Epice, bijoux L\u00e9a Rose, vaisselle Serax, d\u00e9coration\u00a0Henry Dean,&#8230;\u00a0 &nbsp;<\/p>\n","protected":false},"author":1,"featured_media":0,"parent":0,"menu_order":0,"comment_status":"closed","ping_status":"closed","template":"","meta":{"neve_meta_sidebar":"","neve_meta_container":"","neve_meta_enable_content_width":"","neve_meta_content_width":0,"neve_meta_title_alignment":"","neve_meta_author_avatar":"","neve_post_elements_order":"","neve_meta_disable_header":"","neve_meta_disable_footer":"","neve_meta_disable_title":""},"_links":{"self":[{"href":"http:\/\/wp.placeauxarts.be\/index.php\/wp-json\/wp\/v2\/pages\/290"}],"collection":[{"href":"http:\/\/wp.placeauxarts.be\/index.php\/wp-json\/wp\/v2\/pages"}],"about":[{"href":"http:\/\/wp.placeauxarts.be\/index.php\/wp-json\/wp\/v2\/types\/page"}],"author":[{"embeddable":true,"href":"http:\/\/wp.placeauxarts.be\/index.php\/wp-json\/wp\/v2\/users\/1"}],"replies":[{"embeddable":true,"href":"http:\/\/wp.placeauxarts.be\/index.php\/wp-json\/wp\/v2\/comments?post=290"}],"version-history":[{"count":3,"href":"http:\/\/wp.placeauxarts.be\/index.php\/wp-json\/wp\/v2\/pages\/290\/revisions"}],"predecessor-version":[{"id":1470,"href":"http:\/\/wp.placeauxarts.be\/index.php\/wp-json\/wp\/v2\/pages\/290\/revisions\/1470"}],"wp:attachment":[{"href":"http:\/\/wp.placeauxarts.be\/index.php\/wp-json\/wp\/v2\/media?parent=290"}],"curies":[{"name":"wp","href":"https:\/\/api.w.org\/{rel}","templated":true}]}}